{"id":3711,"date":"2025-05-21T13:50:36","date_gmt":"2025-05-21T13:50:36","guid":{"rendered":"https:\/\/dev.aliprandini.ch\/?page_id=3711"},"modified":"2025-05-21T14:08:53","modified_gmt":"2025-05-21T14:08:53","slug":"politique-de-cookies","status":"publish","type":"page","link":"https:\/\/dev.aliprandini.ch\/?page_id=3711","title":{"rendered":"Politique de cookies"},"content":{"rendered":"<div data-colibri-id=\"3711-c1\" class=\"style-1780 style-local-3711-c1 position-relative\">\n  <!---->\n  <div data-colibri-component=\"section\" data-colibri-id=\"3711-c2\" id=\"custom\" class=\"h-section h-section-global-spacing d-flex align-items-lg-center align-items-md-center align-items-center style-1781 style-local-3711-c2 position-relative\">\n    <!---->\n    <!---->\n    <div class=\"h-section-grid-container h-section-boxed-container\">\n      <!---->\n      <div data-colibri-id=\"3711-c3\" class=\"h-row-container gutters-row-lg-2 gutters-row-md-2 gutters-row-0 gutters-row-v-lg-2 gutters-row-v-md-2 gutters-row-v-2 style-1782 style-local-3711-c3 position-relative\">\n        <!---->\n        <div class=\"h-row justify-content-lg-center justify-content-md-center justify-content-center align-items-lg-stretch align-items-md-stretch align-items-stretch gutters-col-lg-2 gutters-col-md-2 gutters-col-0 gutters-col-v-lg-2 gutters-col-v-md-2 gutters-col-v-2\">\n          <!---->\n          <div class=\"h-column h-column-container d-flex h-col-lg-auto h-col-md-auto h-col-auto style-1783-outer style-local-3711-c4-outer\">\n            <div data-colibri-id=\"3711-c4\" class=\"d-flex h-flex-basis h-column__inner h-px-lg-2 h-px-md-2 h-px-2 v-inner-lg-2 v-inner-md-2 v-inner-2 style-1783 style-local-3711-c4 position-relative\">\n              <!---->\n              <!---->\n              <div class=\"w-100 h-y-container h-column__content h-column__v-align flex-basis-100 align-self-lg-start align-self-md-start align-self-start\">\n                <!---->\n                <div data-colibri-id=\"3711-c5\" class=\"style-1784 style-local-3711-c5 position-relative h-element\">\n                  <!---->\n                <\/div>\n              <\/div>\n            <\/div>\n          <\/div>\n        <\/div>\n      <\/div>\n      <div data-colibri-id=\"3711-c6\" class=\"h-row-container gutters-row-lg-2 gutters-row-md-2 gutters-row-0 gutters-row-v-lg-2 gutters-row-v-md-2 gutters-row-v-2 style-1785 style-local-3711-c6 position-relative\">\n        <!---->\n        <div class=\"h-row justify-content-lg-center justify-content-md-center justify-content-center align-items-lg-stretch align-items-md-stretch align-items-stretch gutters-col-lg-2 gutters-col-md-2 gutters-col-0 gutters-col-v-lg-2 gutters-col-v-md-2 gutters-col-v-2\">\n          <!---->\n          <div class=\"h-column h-column-container d-flex h-col-lg-auto h-col-md-auto h-col-auto style-1786-outer style-local-3711-c7-outer\">\n            <div data-colibri-id=\"3711-c7\" class=\"d-flex h-flex-basis h-column__inner h-px-lg-2 h-px-md-2 h-px-2 v-inner-lg-2 v-inner-md-2 v-inner-2 style-1786 style-local-3711-c7 position-relative\">\n              <!---->\n              <!---->\n              <div class=\"w-100 h-y-container h-column__content h-column__v-align flex-basis-100 align-self-lg-start align-self-md-start align-self-start\">\n                <!---->\n                <div data-colibri-id=\"3711-c8\" class=\"h-global-transition-all h-heading style-1787 style-local-3711-c8 position-relative h-element\">\n                  <!---->\n                  <div class=\"h-heading__outer style-1787 style-local-3711-c8\">\n                    <!---->\n                    <!---->\n                    <h1 class=\"\">Politique de cookies<\/h1>\n                  <\/div>\n                <\/div>\n              <\/div>\n            <\/div>\n          <\/div>\n        <\/div>\n      <\/div>\n      <div data-colibri-id=\"3711-c9\" class=\"h-row-container gutters-row-lg-2 gutters-row-md-2 gutters-row-0 gutters-row-v-lg-2 gutters-row-v-md-2 gutters-row-v-2 style-1788 style-local-3711-c9 position-relative\">\n        <!---->\n        <div class=\"h-row justify-content-lg-center justify-content-md-center justify-content-center align-items-lg-stretch align-items-md-stretch align-items-stretch gutters-col-lg-2 gutters-col-md-2 gutters-col-0 gutters-col-v-lg-2 gutters-col-v-md-2 gutters-col-v-2\">\n          <!---->\n          <div class=\"h-column h-column-container d-flex h-col-lg-auto h-col-md-auto h-col-auto style-1789-outer style-local-3711-c10-outer\">\n            <div data-colibri-id=\"3711-c10\" class=\"d-flex h-flex-basis h-column__inner h-px-lg-2 h-px-md-2 h-px-2 v-inner-lg-2 v-inner-md-2 v-inner-2 style-1789 style-local-3711-c10 position-relative\">\n              <!---->\n              <!---->\n              <div class=\"w-100 h-y-container h-column__content h-column__v-align flex-basis-100 align-self-lg-start align-self-md-start align-self-start\">\n                <!---->\n                <div data-colibri-id=\"3711-c11\" class=\"h-text h-text-component style-1790 style-local-3711-c11 position-relative h-element\">\n                  <!---->\n                  <!---->\n                  <div class=\"\">\n                    <p>1. Introduction<\/p>\n                    <p>Le site https:\/\/aliprandini.ch (ci-apr\u00e8s \u00ab le Site \u00bb) utilise des cookies pour assurer son bon fonctionnement et am\u00e9liorer l&rsquo;exp\u00e9rience utilisateur. Cette politique explique ce que sont les cookies, comment nous les utilisons, et les\n                      choix dont vous disposez.<\/p>\n                    <p>\n                      <br>\n                    <\/p>\n                    <p>2. Qu\u2019est-ce qu\u2019un cookie ?<\/p>\n                    <p>Un cookie est un petit fichier texte enregistr\u00e9 sur votre appareil (ordinateur, tablette ou smartphone) lorsque vous visitez un site web. Il permet \u00e0 un site de reconna\u00eetre votre appareil lors de vos visites ult\u00e9rieures afin de vous\n                      offrir une navigation personnalis\u00e9e ou de collecter certaines informations techniques.<\/p>\n                    <p>\n                      <br>\n                    <\/p>\n                    <p>3. Types de cookies utilis\u00e9s<\/p>\n                    <p>Cookies strictement n\u00e9cessaires<\/p>\n                    <p>Ces cookies sont indispensables au bon fonctionnement du Site. Ils permettent par exemple d\u2019assurer la s\u00e9curit\u00e9, la gestion de session ou l\u2019accessibilit\u00e9 du Site. Ces cookies ne requi\u00e8rent pas votre consentement pr\u00e9alable.<\/p>\n                    <p>\n                      <br>\n                    <\/p>\n                    <p>Exemples de finalit\u00e9s :<\/p>\n                    <p>\n                      <br>\n                    <\/p>\n                    <p>Adaptation de l\u2019interface selon le terminal utilis\u00e9<\/p>\n                    <p>\n                      <br>\n                    <\/p>\n                    <p>M\u00e9morisation de vos pr\u00e9f\u00e9rences li\u00e9es aux cookies<\/p>\n                    <p>\n                      <br>\n                    <\/p>\n                    <p>Autres cookies<\/p>\n                    <p>Le Site ne place aucun cookie \u00e0 des fins de mesure d\u2019audience, de publicit\u00e9 ou de personnalisation sans votre consentement explicite. Le cas \u00e9ch\u00e9ant, une banni\u00e8re de consentement vous permettra de choisir d\u2019accepter ou de refuser ces\n                      cookies non essentiels.<\/p>\n                    <p>\n                      <br>\n                    <\/p>\n                    <p>4. Gestion du consentement<\/p>\n                    <p>Lors de votre premi\u00e8re visite sur le Site, une banni\u00e8re vous informe de l\u2019utilisation des cookies. Vous avez la possibilit\u00e9 :<\/p>\n                    <p>\n                      <br>\n                    <\/p>\n                    <p>d\u2019accepter tous les cookies<\/p>\n                    <p>\n                      <br>\n                    <\/p>\n                    <p>de refuser et de continuer avec uniquement les cookies essentiels<\/p>\n                    <p>\n                      <br>\n                    <\/p>\n                    <p>Votre choix est conserv\u00e9 pendant une dur\u00e9e de 1 mois, apr\u00e8s quoi la banni\u00e8re r\u00e9appara\u00eetra pour renouveler votre consentement.<\/p>\n                    <p>\n                      <br>\n                    <\/p>\n                    <p>5. Dur\u00e9e de conservation<\/p>\n                    <p>Les cookies plac\u00e9s sur votre appareil sont conserv\u00e9s pour une dur\u00e9e maximale de 1 mois, sauf suppression manuelle de votre part via les param\u00e8tres de votre navigateur.<\/p>\n                    <p>\n                      <br>\n                    <\/p>\n                    <p>6. Contact<\/p>\n                    <p>Pour toute question concernant l\u2019utilisation des cookies sur ce Site ou pour exercer vos droits relatifs aux donn\u00e9es personnelles, vous pouvez contacter :<\/p>\n                    <p>\n                      <br>\n                    <\/p>\n                    <p>Responsable du site :<\/p>\n                    <p>Alloa informatique S\u00e0rl<\/p>\n                    <p>Email : support@alloa.ch<\/p>\n                  <\/div>\n                <\/div>\n              <\/div>\n            <\/div>\n          <\/div>\n        <\/div>\n      <\/div>\n    <\/div>\n  <\/div>\n<\/div>","protected":false},"excerpt":{"rendered":"<p>Politique de cookies 1. Introduction Le site https:\/\/aliprandini.ch (ci-apr\u00e8s \u00ab le Site \u00bb) utilise des cookies pour assurer son bon fonctionnement et am\u00e9liorer l&rsquo;exp\u00e9rience utilisateur. Cette politique explique ce que sont les cookies, comment nous les utilisons, et les choix dont vous disposez. 2. Qu\u2019est-ce qu\u2019un cookie ? Un cookie est un petit fichier texte [&hellip;]<\/p>\n","protected":false},"author":1,"featured_media":0,"parent":0,"menu_order":0,"comment_status":"closed","ping_status":"closed","template":"page-templates\/full-width-page.php","meta":{"footnotes":""},"class_list":["post-3711","page","type-page","status-publish","hentry"],"_links":{"self":[{"href":"https:\/\/dev.aliprandini.ch\/index.php?rest_route=\/wp\/v2\/pages\/3711","targetHints":{"allow":["GET"]}}],"collection":[{"href":"https:\/\/dev.aliprandini.ch\/index.php?rest_route=\/wp\/v2\/pages"}],"about":[{"href":"https:\/\/dev.aliprandini.ch\/index.php?rest_route=\/wp\/v2\/types\/page"}],"author":[{"embeddable":true,"href":"https:\/\/dev.aliprandini.ch\/index.php?rest_route=\/wp\/v2\/users\/1"}],"replies":[{"embeddable":true,"href":"https:\/\/dev.aliprandini.ch\/index.php?rest_route=%2Fwp%2Fv2%2Fcomments&post=3711"}],"version-history":[{"count":4,"href":"https:\/\/dev.aliprandini.ch\/index.php?rest_route=\/wp\/v2\/pages\/3711\/revisions"}],"predecessor-version":[{"id":3729,"href":"https:\/\/dev.aliprandini.ch\/index.php?rest_route=\/wp\/v2\/pages\/3711\/revisions\/3729"}],"wp:attachment":[{"href":"https:\/\/dev.aliprandini.ch\/index.php?rest_route=%2Fwp%2Fv2%2Fmedia&parent=3711"}],"curies":[{"name":"wp","href":"https:\/\/api.w.org\/{rel}","templated":true}]}}